{"id":177,"date":"2018-11-26T08:38:30","date_gmt":"2018-11-26T08:38:30","guid":{"rendered":"https:\/\/diana-st-work.colibriwp.com\/default-architecture\/?page_id=177"},"modified":"2026-05-05T17:24:31","modified_gmt":"2026-05-05T17:24:31","slug":"om-os","status":"publish","type":"page","link":"https:\/\/linhardtoghansen.dk\/index.php\/om-os\/","title":{"rendered":"Bygningskonstrukt\u00f8r og tegnestue i Esbjerg"},"content":{"rendered":"<div data-colibri-id=\"177-c1\" class=\"style-217 style-local-177-c1 position-relative\">\n  <!---->\n  <div data-colibri-component=\"section\" data-colibri-id=\"177-c2\" id=\"reusable-sections-2\" class=\"h-section h-section-global-spacing d-flex align-items-lg-center align-items-md-center align-items-center style-1290 style-local-177-c2 position-relative\">\n    <div class=\"background-wrapper\">\n      <div class=\"background-layer background-layer-media-container-lg\">\n        <div data-enabled=\"true\" data-colibri-component=\"parallax\" class=\"background-layer paraxify\" style=\"background-image: url(&quot;https:\/\/linhardtoghansen.dk\/wp-content\/uploads\/2026\/02\/cropped-skitse.png&quot;);\" model-id=\"177-c2\" media=\"desktop\"\n          is-preview=\"true\"><\/div>\n        <div class=\"overlay-layer\">\n          <div class=\"overlay-image-layer\" style=\"background-color: rgba(108, 87, 57, 0.5); opacity: 0.95;\"><\/div>\n        <\/div>\n      <\/div>\n      <div class=\"background-layer background-layer-media-container-md\">\n        <div data-enabled=\"true\" data-colibri-component=\"parallax\" class=\"background-layer paraxify\" style=\"background-image: url(&quot;https:\/\/linhardtoghansen.dk\/wp-content\/uploads\/2026\/02\/cropped-skitse.png&quot;);\" model-id=\"177-c2\" media=\"tablet\" is-preview=\"true\"><\/div>\n        <div class=\"overlay-layer\">\n          <div class=\"overlay-image-layer\" style=\"background-color: rgba(108, 87, 57, 0.5); opacity: 0.95;\"><\/div>\n        <\/div>\n      <\/div>\n      <div class=\"background-layer background-layer-media-container\">\n        <div data-enabled=\"true\" data-colibri-component=\"parallax\" class=\"background-layer paraxify\" style=\"background-image: url(&quot;https:\/\/linhardtoghansen.dk\/wp-content\/uploads\/2026\/02\/cropped-skitse.png&quot;);\" model-id=\"177-c2\" media=\"mobile\" is-preview=\"true\"><\/div>\n        <div class=\"overlay-layer\">\n          <div class=\"overlay-image-layer\" style=\"background-color: rgba(108, 87, 57, 0.5); opacity: 0.95;\"><\/div>\n        <\/div>\n      <\/div>\n    <\/div>\n    <!---->\n    <div class=\"h-section-grid-container h-section-boxed-container\">\n      <!---->\n      <div data-colibri-id=\"177-c3\" class=\"h-row-container gutters-row-lg-2 gutters-row-md-2 gutters-row-0 gutters-row-v-lg-2 gutters-row-v-md-2 gutters-row-v-2 style-1291 style-local-177-c3 position-relative\">\n        <!---->\n        <div class=\"h-row justify-content-lg-center justify-content-md-center justify-content-center align-items-lg-stretch align-items-md-stretch align-items-stretch gutters-col-lg-2 gutters-col-md-2 gutters-col-0 gutters-col-v-lg-2 gutters-col-v-md-2 gutters-col-v-2\">\n          <!---->\n          <div class=\"h-column h-column-container d-flex h-col-lg-12 h-col-md-12 h-col-12 style-1292-outer style-local-177-c4-outer\">\n            <div data-colibri-id=\"177-c4\" class=\"d-flex h-flex-basis h-column__inner h-px-lg-0 h-px-md-0 h-px-0 v-inner-lg-0 v-inner-md-0 v-inner-0 style-1292 style-local-177-c4 position-relative\">\n              <!---->\n              <!---->\n              <div class=\"w-100 h-y-container h-column__content h-column__v-align flex-basis-100 align-self-lg-start align-self-md-start align-self-start\">\n                <!---->\n                <div data-colibri-id=\"177-c5\" class=\"page-title style-1293 style-local-177-c5 h-hide-sm position-relative h-element\">\n                  <!---->\n                  <div class=\"h-page-title__outer style-1293-outer style-local-177-c5-outer\">\n                    <div class=\"h-global-transition-all\"><span><h1 style='margin-bottom:0'>Bygningskonstrukt\u00f8r og tegnestue i Esbjerg<\/h1><\/span><\/div>\n                  <\/div>\n                <\/div>\n              <\/div>\n            <\/div>\n          <\/div>\n        <\/div>\n      <\/div>\n      <div data-colibri-id=\"177-c6\" class=\"h-row-container gutters-row-lg-2 gutters-row-md-2 gutters-row-2 gutters-row-v-lg-2 gutters-row-v-md-2 gutters-row-v-2 style-1294 style-local-177-c6 position-relative\">\n        <!---->\n        <div class=\"h-row justify-content-lg-center justify-content-md-center justify-content-center align-items-lg-stretch align-items-md-stretch align-items-stretch gutters-col-lg-2 gutters-col-md-2 gutters-col-2 gutters-col-v-lg-2 gutters-col-v-md-2 gutters-col-v-2\">\n          <!---->\n          <div class=\"h-column h-column-container d-flex h-col-lg-6 h-col-md-6 h-col-12 style-1295-outer style-local-177-c7-outer\">\n            <div data-colibri-id=\"177-c7\" class=\"d-flex h-flex-basis h-column__inner h-px-lg-2 h-px-md-2 h-px-0 v-inner-lg-2 v-inner-md-2 v-inner-0 style-1295 style-local-177-c7 position-relative\">\n              <!---->\n              <!---->\n              <div class=\"w-100 h-y-container h-column__content h-column__v-align flex-basis-100 align-self-lg-start align-self-md-start align-self-start\">\n                <!---->\n                <div data-colibri-id=\"177-c8\" class=\"h-global-transition-all h-heading style-1296 style-local-177-c8 h-hide-lg h-hide-md position-relative h-element\">\n                  <!---->\n                  <div class=\"h-heading__outer style-1296 style-local-177-c8\">\n                    <!---->\n                    <!---->\n                    <h1 class=\"\">Bygnings-konstrukt\u00f8r og tegnestue i Esbjerg<\/h1>\n                  <\/div>\n                <\/div>\n              <\/div>\n            <\/div>\n          <\/div>\n        <\/div>\n      <\/div>\n    <\/div>\n  <\/div>\n  <div data-colibri-component=\"section\" data-colibri-id=\"177-c13\" id=\"about\" class=\"h-section h-section-global-spacing d-flex align-items-lg-center align-items-md-center align-items-center style-781 style-local-177-c13 position-relative\">\n    <!---->\n    <!---->\n    <div class=\"h-section-grid-container h-section-boxed-container\">\n      <!---->\n      <div data-colibri-id=\"177-c14\" class=\"h-row-container gutters-row-lg-2 gutters-row-md-2 gutters-row-2 gutters-row-v-lg-2 gutters-row-v-md-2 gutters-row-v-2 style-782 style-local-177-c14 position-relative\">\n        <!---->\n        <div class=\"h-row justify-content-lg-center justify-content-md-center justify-content-center align-items-lg-center align-items-md-center align-items-center gutters-col-lg-2 gutters-col-md-2 gutters-col-2 gutters-col-v-lg-2 gutters-col-v-md-2 gutters-col-v-2\">\n          <!---->\n          <div class=\"h-column h-column-container d-flex h-col-lg-auto h-col-md-auto h-col-auto align-self-lg-center align-self-md-center align-self-center style-783-outer style-local-177-c15-outer\">\n            <div data-colibri-id=\"177-c15\" class=\"d-flex h-flex-basis h-column__inner h-px-lg-2 h-px-md-2 h-px-2 v-inner-lg-2 v-inner-md-2 v-inner-2 style-783 style-local-177-c15 position-relative\">\n              <!---->\n              <!---->\n              <div class=\"w-100 h-y-container h-column__content h-column__v-align flex-basis-100 align-self-lg-start align-self-md-start align-self-start\">\n                <!---->\n                <div data-colibri-id=\"177-c16\" class=\"h-global-transition-all h-heading style-787 style-local-177-c16 position-relative h-element\">\n                  <!---->\n                  <div class=\"h-heading__outer style-787 style-local-177-c16\">\n                    <!---->\n                    <!---->\n                    <h2 class=\"\">Mere end 20 \u00e5rs erfaring fra byggebranchen<\/h2>\n                  <\/div>\n                <\/div>\n                <div data-colibri-id=\"177-c17\" class=\"h-text h-text-component style-789 style-local-177-c17 position-relative h-element\">\n                  <!---->\n                  <!---->\n                  <div class=\"\">\n                    <p>Linhardt &amp; Hansen er en tegnestue i Esbjerg med praktisk erfaring fra byggebranchen og st\u00e6rk byggeteknisk faglighed.<\/p>\n                    <p>Bag virksomheden st\u00e5r Mikkel, der er bygningskonstrukt\u00f8r.<\/p>\n                    <p>Mikkel er oprindeligt uddannet murer og har arbejdet i branchen som selvst\u00e6ndig i mange \u00e5r.<\/p>\n                    <p>Det betyder, at r\u00e5dgivningen tager udgangspunkt i l\u00f8sninger, der b\u00e5de er \u00e6stetiske, funktionelle og realistiske at bygge.<\/p>\n                    <p>Linhardt &amp; Hansen er drevet af \u00f8nsket om at skabe tryghed og kvalitet i private byggeprojekter.<\/p>\n                  <\/div>\n                <\/div>\n                <div data-colibri-id=\"177-c18\" class=\"h-x-container style-814 style-local-177-c18 position-relative h-element\">\n                  <!---->\n                  <div class=\"h-x-container-inner style-dynamic-177-c18-group style-814-spacing style-local-177-c18-spacing\"><span class=\"h-button__outer style-815-outer style-local-177-c19-outer d-inline-flex h-element\"><a h-use-smooth-scroll=\"true\" href=\"https:\/\/linhardtoghansen.dk\/index.php\/kontakt\/\"  data-colibri-id=\"177-c19\" class=\"d-flex w-100 align-items-center h-button justify-content-lg-center justify-content-md-center justify-content-center style-815 style-local-177-c19 position-relative\"><!----><!----> <span>Kontakt os<\/span><\/a>\n                    <\/span>\n                  <\/div>\n                <\/div>\n              <\/div>\n            <\/div>\n          <\/div>\n          <div class=\"h-column h-column-container d-flex h-col-lg-auto h-col-md-auto h-col-auto align-self-lg-center align-self-md-center align-self-center style-790-outer style-local-177-c20-outer\">\n            <div data-colibri-id=\"177-c20\" class=\"d-flex h-flex-basis h-column__inner h-px-lg-0 h-px-md-0 h-px-0 v-inner-lg-0 v-inner-md-0 v-inner-0 style-790 style-local-177-c20 position-relative\">\n              <!---->\n              <!---->\n              <div class=\"w-100 h-y-container h-column__content h-column__v-align flex-basis-100 align-self-lg-start align-self-md-start align-self-start\">\n                <!---->\n                <div data-colibri-id=\"177-c21\" class=\"d-block style-816 style-local-177-c21 position-relative h-element\">\n                  <!---->\n                  <div class=\"h-image__frame-container-outer\">\n                    <div class=\"h-image__frame-container\">\n                      <!---->\n                      <!---->\n                      <img loading=\"lazy\" decoding=\"async\" width=\"1024\" height=\"1536\" src=\"https:\/\/linhardtoghansen.dk\/wp-content\/uploads\/2026\/02\/Skitsering.png\" class=\"wp-image-806 style-816-image style-local-177-c21-image\" alt=\"\" srcset=\"https:\/\/linhardtoghansen.dk\/wp-content\/uploads\/2026\/02\/Skitsering.png 1024w, https:\/\/linhardtoghansen.dk\/wp-content\/uploads\/2026\/02\/Skitsering-200x300.png 200w, https:\/\/linhardtoghansen.dk\/wp-content\/uploads\/2026\/02\/Skitsering-683x1024.png 683w, https:\/\/linhardtoghansen.dk\/wp-content\/uploads\/2026\/02\/Skitsering-768x1152.png 768w\" sizes=\"auto, (max-width: 1024px) 100vw, 1024px\" \/>\n                      <div class=\"h-image__frame h-hide-lg h-hide-md h-hide-sm style-816-frameImage style-local-177-c21-frameImage\"><\/div>\n                    <\/div>\n                  <\/div>\n                <\/div>\n              <\/div>\n            <\/div>\n          <\/div>\n        <\/div>\n      <\/div>\n    <\/div>\n  <\/div>\n  <div data-colibri-component=\"section\" data-colibri-id=\"177-c22\" id=\"reusable-sections\" class=\"h-section h-section-global-spacing d-flex align-items-lg-center align-items-md-center align-items-center style-1129 style-local-177-c22 position-relative\">\n    <div class=\"background-wrapper\">\n      <div class=\"background-layer background-layer-media-container-lg\">\n        <!---->\n        <div class=\"overlay-layer\">\n          <div class=\"overlay-image-layer\" style=\"background-color: rgb(183, 147, 93); opacity: 0.5;\"><\/div>\n        <\/div>\n      <\/div>\n      <div class=\"background-layer background-layer-media-container-md\">\n        <!---->\n        <div class=\"overlay-layer\">\n          <div class=\"overlay-image-layer\" style=\"background-color: rgb(183, 147, 93); opacity: 0.5;\"><\/div>\n        <\/div>\n      <\/div>\n      <div class=\"background-layer background-layer-media-container\">\n        <!---->\n        <div class=\"overlay-layer\">\n          <div class=\"overlay-image-layer\" style=\"background-color: rgb(183, 147, 93); opacity: 0.5;\"><\/div>\n        <\/div>\n      <\/div>\n    <\/div>\n    <!---->\n    <div class=\"h-section-grid-container h-section-boxed-container\">\n      <!---->\n      <div data-colibri-id=\"177-c23\" class=\"h-row-container gutters-row-lg-2 gutters-row-md-2 gutters-row-0 gutters-row-v-lg-2 gutters-row-v-md-2 gutters-row-v-2 style-1130 style-local-177-c23 position-relative\">\n        <!---->\n        <div class=\"h-row justify-content-lg-center justify-content-md-center justify-content-center align-items-lg-stretch align-items-md-stretch align-items-stretch gutters-col-lg-2 gutters-col-md-2 gutters-col-0 gutters-col-v-lg-2 gutters-col-v-md-2 gutters-col-v-2\">\n          <!---->\n          <div class=\"h-column h-column-container d-flex h-col-lg-auto h-col-md-auto h-col-auto style-1131-outer style-local-177-c24-outer\">\n            <div data-colibri-id=\"177-c24\" class=\"d-flex h-flex-basis h-column__inner h-px-lg-3 h-px-md-3 h-px-3 v-inner-lg-3 v-inner-md-3 v-inner-3 style-1131 style-local-177-c24 position-relative\">\n              <!---->\n              <!---->\n              <div class=\"w-100 h-y-container h-column__content h-column__v-align flex-basis-100 align-self-lg-start align-self-md-start align-self-start\">\n                <!---->\n                <div data-colibri-id=\"177-c25\" class=\"h-global-transition-all h-heading style-1132 style-local-177-c25 position-relative h-element\">\n                  <!---->\n                  <div class=\"h-heading__outer style-1132 style-local-177-c25\">\n                    <!---->\n                    <!---->\n                    <h2 class=\"\">Kontakt os for en uforpligtende dialog<\/h2>\n                  <\/div>\n                <\/div>\n                <div data-colibri-id=\"177-c26\" class=\"h-x-container style-1133 style-local-177-c26 position-relative h-element\">\n                  <!---->\n                  <div class=\"h-x-container-inner style-dynamic-177-c26-group style-1133-spacing style-local-177-c26-spacing\"><span class=\"h-button__outer style-1134-outer style-local-177-c27-outer d-inline-flex h-element\"><a h-use-smooth-scroll=\"true\" href=\"https:\/\/linhardtoghansen.dk\/index.php\/kontakt\/\"  data-colibri-id=\"177-c27\" class=\"d-flex w-100 align-items-center h-button justify-content-lg-center justify-content-md-center justify-content-center style-1134 style-local-177-c27 position-relative\"><!----><!----> <span>Ring eller skriv til os <\/span><\/a>\n                    <\/span>\n                  <\/div>\n                <\/div>\n              <\/div>\n            <\/div>\n          <\/div>\n        <\/div>\n      <\/div>\n    <\/div>\n  <\/div>\n<\/div>","protected":false},"excerpt":{"rendered":"<p>Bygnings-konstrukt\u00f8r og tegnestue i Esbjerg Mere end 20 \u00e5rs erfaring fra byggebranchen Linhardt &amp; Hansen er en tegnestue i Esbjerg med praktisk erfaring fra byggebranchen og st\u00e6rk byggeteknisk faglighed. Bag virksomheden st\u00e5r Mikkel, der er bygningskonstrukt\u00f8r. Mikkel er oprindeligt uddannet murer og har arbejdet i branchen som selvst\u00e6ndig i mange \u00e5r. Det betyder, at r\u00e5dgivningen [&hellip;]<\/p>\n","protected":false},"author":1,"featured_media":0,"parent":0,"menu_order":0,"comment_status":"closed","ping_status":"closed","template":"page-templates\/full-width-page.php","meta":{"footnotes":""},"class_list":["post-177","page","type-page","status-publish","hentry"],"yoast_head":"<!-- This site is optimized with the Yoast SEO plugin v27.5 - https:\/\/yoast.com\/product\/yoast-seo-wordpress\/ -->\n<title>Bygningskonstrukt\u00f8r i Esbjerg - Linhardt &amp; Hansen<\/title>\n<meta name=\"description\" content=\"M\u00f8d Linhardt &amp; Hansen: En tegnestue i Esbjerg med bygningskonstrukt\u00f8r, murerbaggrund og mere end 20 \u00e5rs praktisk erfaring fra byggebranchen.\" \/>\n<meta name=\"robots\" content=\"index, follow, max-snippet:-1, max-image-preview:large, max-video-preview:-1\" \/>\n<link rel=\"canonical\" href=\"https:\/\/linhardtoghansen.dk\/index.php\/om-os\/\" \/>\n<meta property=\"og:locale\" content=\"en_US\" \/>\n<meta property=\"og:type\" content=\"article\" \/>\n<meta property=\"og:title\" content=\"Bygningskonstrukt\u00f8r i Esbjerg - Linhardt &amp; Hansen\" \/>\n<meta property=\"og:description\" content=\"M\u00f8d Linhardt &amp; Hansen: En tegnestue i Esbjerg med bygningskonstrukt\u00f8r, murerbaggrund og mere end 20 \u00e5rs praktisk erfaring fra byggebranchen.\" \/>\n<meta property=\"og:url\" content=\"https:\/\/linhardtoghansen.dk\/index.php\/om-os\/\" \/>\n<meta property=\"og:site_name\" content=\"Linhardt &amp; Hansen ApS\" \/>\n<meta property=\"article:modified_time\" content=\"2026-05-05T17:24:31+00:00\" \/>\n<meta property=\"og:image\" content=\"https:\/\/linhardtoghansen.dk\/wp-content\/uploads\/2026\/02\/Skitsering.png\" \/>\n\t<meta property=\"og:image:width\" content=\"1024\" \/>\n\t<meta property=\"og:image:height\" content=\"1536\" \/>\n\t<meta property=\"og:image:type\" content=\"image\/png\" \/>\n<meta name=\"twitter:card\" content=\"summary_large_image\" \/>\n<meta name=\"twitter:label1\" content=\"Est. reading time\" \/>\n\t<meta name=\"twitter:data1\" content=\"1 minute\" \/>\n<script type=\"application\/ld+json\" class=\"yoast-schema-graph\">{\"@context\":\"https:\\\/\\\/schema.org\",\"@graph\":[{\"@type\":\"WebPage\",\"@id\":\"https:\\\/\\\/linhardtoghansen.dk\\\/index.php\\\/om-os\\\/\",\"url\":\"https:\\\/\\\/linhardtoghansen.dk\\\/index.php\\\/om-os\\\/\",\"name\":\"Bygningskonstrukt\u00f8r i Esbjerg - Linhardt & Hansen\",\"isPartOf\":{\"@id\":\"https:\\\/\\\/linhardtoghansen.dk\\\/#website\"},\"primaryImageOfPage\":{\"@id\":\"https:\\\/\\\/linhardtoghansen.dk\\\/index.php\\\/om-os\\\/#primaryimage\"},\"image\":{\"@id\":\"https:\\\/\\\/linhardtoghansen.dk\\\/index.php\\\/om-os\\\/#primaryimage\"},\"thumbnailUrl\":\"https:\\\/\\\/linhardtoghansen.dk\\\/wp-content\\\/uploads\\\/2026\\\/02\\\/Skitsering.png\",\"datePublished\":\"2018-11-26T08:38:30+00:00\",\"dateModified\":\"2026-05-05T17:24:31+00:00\",\"description\":\"M\u00f8d Linhardt & Hansen: En tegnestue i Esbjerg med bygningskonstrukt\u00f8r, murerbaggrund og mere end 20 \u00e5rs praktisk erfaring fra byggebranchen.\",\"breadcrumb\":{\"@id\":\"https:\\\/\\\/linhardtoghansen.dk\\\/index.php\\\/om-os\\\/#breadcrumb\"},\"inLanguage\":\"en\",\"potentialAction\":[{\"@type\":\"ReadAction\",\"target\":[\"https:\\\/\\\/linhardtoghansen.dk\\\/index.php\\\/om-os\\\/\"]}]},{\"@type\":\"ImageObject\",\"inLanguage\":\"en\",\"@id\":\"https:\\\/\\\/linhardtoghansen.dk\\\/index.php\\\/om-os\\\/#primaryimage\",\"url\":\"https:\\\/\\\/linhardtoghansen.dk\\\/wp-content\\\/uploads\\\/2026\\\/02\\\/Skitsering.png\",\"contentUrl\":\"https:\\\/\\\/linhardtoghansen.dk\\\/wp-content\\\/uploads\\\/2026\\\/02\\\/Skitsering.png\",\"width\":1024,\"height\":1536},{\"@type\":\"BreadcrumbList\",\"@id\":\"https:\\\/\\\/linhardtoghansen.dk\\\/index.php\\\/om-os\\\/#breadcrumb\",\"itemListElement\":[{\"@type\":\"ListItem\",\"position\":1,\"name\":\"Home\",\"item\":\"https:\\\/\\\/linhardtoghansen.dk\\\/\"},{\"@type\":\"ListItem\",\"position\":2,\"name\":\"Bygningskonstrukt\u00f8r og tegnestue i Esbjerg\"}]},{\"@type\":\"WebSite\",\"@id\":\"https:\\\/\\\/linhardtoghansen.dk\\\/#website\",\"url\":\"https:\\\/\\\/linhardtoghansen.dk\\\/\",\"name\":\"Linhardt &amp; Hansen ApS\",\"description\":\"Din tegnestue\",\"publisher\":{\"@id\":\"https:\\\/\\\/linhardtoghansen.dk\\\/#organization\"},\"potentialAction\":[{\"@type\":\"SearchAction\",\"target\":{\"@type\":\"EntryPoint\",\"urlTemplate\":\"https:\\\/\\\/linhardtoghansen.dk\\\/?s={search_term_string}\"},\"query-input\":{\"@type\":\"PropertyValueSpecification\",\"valueRequired\":true,\"valueName\":\"search_term_string\"}}],\"inLanguage\":\"en\"},{\"@type\":\"Organization\",\"@id\":\"https:\\\/\\\/linhardtoghansen.dk\\\/#organization\",\"name\":\"Linhardt &amp; Hansen ApS\",\"url\":\"https:\\\/\\\/linhardtoghansen.dk\\\/\",\"logo\":{\"@type\":\"ImageObject\",\"inLanguage\":\"en\",\"@id\":\"https:\\\/\\\/linhardtoghansen.dk\\\/#\\\/schema\\\/logo\\\/image\\\/\",\"url\":\"https:\\\/\\\/linhardtoghansen.dk\\\/wp-content\\\/uploads\\\/2026\\\/01\\\/Full-colour.png\",\"contentUrl\":\"https:\\\/\\\/linhardtoghansen.dk\\\/wp-content\\\/uploads\\\/2026\\\/01\\\/Full-colour.png\",\"width\":1281,\"height\":572,\"caption\":\"Linhardt &amp; Hansen ApS\"},\"image\":{\"@id\":\"https:\\\/\\\/linhardtoghansen.dk\\\/#\\\/schema\\\/logo\\\/image\\\/\"}}]}<\/script>\n<!-- \/ Yoast SEO plugin. -->","yoast_head_json":{"title":"Bygningskonstrukt\u00f8r i Esbjerg - Linhardt & Hansen","description":"M\u00f8d Linhardt & Hansen: En tegnestue i Esbjerg med bygningskonstrukt\u00f8r, murerbaggrund og mere end 20 \u00e5rs praktisk erfaring fra byggebranchen.","robots":{"index":"index","follow":"follow","max-snippet":"max-snippet:-1","max-image-preview":"max-image-preview:large","max-video-preview":"max-video-preview:-1"},"canonical":"https:\/\/linhardtoghansen.dk\/index.php\/om-os\/","og_locale":"en_US","og_type":"article","og_title":"Bygningskonstrukt\u00f8r i Esbjerg - Linhardt & Hansen","og_description":"M\u00f8d Linhardt & Hansen: En tegnestue i Esbjerg med bygningskonstrukt\u00f8r, murerbaggrund og mere end 20 \u00e5rs praktisk erfaring fra byggebranchen.","og_url":"https:\/\/linhardtoghansen.dk\/index.php\/om-os\/","og_site_name":"Linhardt &amp; Hansen ApS","article_modified_time":"2026-05-05T17:24:31+00:00","og_image":[{"width":1024,"height":1536,"url":"https:\/\/linhardtoghansen.dk\/wp-content\/uploads\/2026\/02\/Skitsering.png","type":"image\/png"}],"twitter_card":"summary_large_image","twitter_misc":{"Est. reading time":"1 minute"},"schema":{"@context":"https:\/\/schema.org","@graph":[{"@type":"WebPage","@id":"https:\/\/linhardtoghansen.dk\/index.php\/om-os\/","url":"https:\/\/linhardtoghansen.dk\/index.php\/om-os\/","name":"Bygningskonstrukt\u00f8r i Esbjerg - Linhardt & Hansen","isPartOf":{"@id":"https:\/\/linhardtoghansen.dk\/#website"},"primaryImageOfPage":{"@id":"https:\/\/linhardtoghansen.dk\/index.php\/om-os\/#primaryimage"},"image":{"@id":"https:\/\/linhardtoghansen.dk\/index.php\/om-os\/#primaryimage"},"thumbnailUrl":"https:\/\/linhardtoghansen.dk\/wp-content\/uploads\/2026\/02\/Skitsering.png","datePublished":"2018-11-26T08:38:30+00:00","dateModified":"2026-05-05T17:24:31+00:00","description":"M\u00f8d Linhardt & Hansen: En tegnestue i Esbjerg med bygningskonstrukt\u00f8r, murerbaggrund og mere end 20 \u00e5rs praktisk erfaring fra byggebranchen.","breadcrumb":{"@id":"https:\/\/linhardtoghansen.dk\/index.php\/om-os\/#breadcrumb"},"inLanguage":"en","potentialAction":[{"@type":"ReadAction","target":["https:\/\/linhardtoghansen.dk\/index.php\/om-os\/"]}]},{"@type":"ImageObject","inLanguage":"en","@id":"https:\/\/linhardtoghansen.dk\/index.php\/om-os\/#primaryimage","url":"https:\/\/linhardtoghansen.dk\/wp-content\/uploads\/2026\/02\/Skitsering.png","contentUrl":"https:\/\/linhardtoghansen.dk\/wp-content\/uploads\/2026\/02\/Skitsering.png","width":1024,"height":1536},{"@type":"BreadcrumbList","@id":"https:\/\/linhardtoghansen.dk\/index.php\/om-os\/#breadcrumb","itemListElement":[{"@type":"ListItem","position":1,"name":"Home","item":"https:\/\/linhardtoghansen.dk\/"},{"@type":"ListItem","position":2,"name":"Bygningskonstrukt\u00f8r og tegnestue i Esbjerg"}]},{"@type":"WebSite","@id":"https:\/\/linhardtoghansen.dk\/#website","url":"https:\/\/linhardtoghansen.dk\/","name":"Linhardt &amp; Hansen ApS","description":"Din tegnestue","publisher":{"@id":"https:\/\/linhardtoghansen.dk\/#organization"},"potentialAction":[{"@type":"SearchAction","target":{"@type":"EntryPoint","urlTemplate":"https:\/\/linhardtoghansen.dk\/?s={search_term_string}"},"query-input":{"@type":"PropertyValueSpecification","valueRequired":true,"valueName":"search_term_string"}}],"inLanguage":"en"},{"@type":"Organization","@id":"https:\/\/linhardtoghansen.dk\/#organization","name":"Linhardt &amp; Hansen ApS","url":"https:\/\/linhardtoghansen.dk\/","logo":{"@type":"ImageObject","inLanguage":"en","@id":"https:\/\/linhardtoghansen.dk\/#\/schema\/logo\/image\/","url":"https:\/\/linhardtoghansen.dk\/wp-content\/uploads\/2026\/01\/Full-colour.png","contentUrl":"https:\/\/linhardtoghansen.dk\/wp-content\/uploads\/2026\/01\/Full-colour.png","width":1281,"height":572,"caption":"Linhardt &amp; Hansen ApS"},"image":{"@id":"https:\/\/linhardtoghansen.dk\/#\/schema\/logo\/image\/"}}]}},"_links":{"self":[{"href":"https:\/\/linhardtoghansen.dk\/index.php\/wp-json\/wp\/v2\/pages\/177","targetHints":{"allow":["GET"]}}],"collection":[{"href":"https:\/\/linhardtoghansen.dk\/index.php\/wp-json\/wp\/v2\/pages"}],"about":[{"href":"https:\/\/linhardtoghansen.dk\/index.php\/wp-json\/wp\/v2\/types\/page"}],"author":[{"embeddable":true,"href":"https:\/\/linhardtoghansen.dk\/index.php\/wp-json\/wp\/v2\/users\/1"}],"replies":[{"embeddable":true,"href":"https:\/\/linhardtoghansen.dk\/index.php\/wp-json\/wp\/v2\/comments?post=177"}],"version-history":[{"count":20,"href":"https:\/\/linhardtoghansen.dk\/index.php\/wp-json\/wp\/v2\/pages\/177\/revisions"}],"predecessor-version":[{"id":2680,"href":"https:\/\/linhardtoghansen.dk\/index.php\/wp-json\/wp\/v2\/pages\/177\/revisions\/2680"}],"wp:attachment":[{"href":"https:\/\/linhardtoghansen.dk\/index.php\/wp-json\/wp\/v2\/media?parent=177"}],"curies":[{"name":"wp","href":"https:\/\/api.w.org\/{rel}","templated":true}]}}